{"id":118,"date":"2026-04-21T15:09:38","date_gmt":"2026-04-21T15:09:38","guid":{"rendered":"https:\/\/www.racyred.net\/?page_id=118"},"modified":"2026-04-22T06:30:53","modified_gmt":"2026-04-22T06:30:53","slug":"verka-2","status":"publish","type":"page","link":"https:\/\/www.racyred.net\/index.php\/verka-2\/","title":{"rendered":"Verka"},"content":{"rendered":"\n<p class=\"has-text-align-center\"><small>C.I.B. FI MVA FI JVA SE MVA NO MVA HeJW-18 JV-18 V-18 HeW-19 V-19 HeW-21 V-21 ARCTICW-25<\/small><strong>&nbsp;<\/strong><\/p>\n\n\n\n<p class=\"has-text-align-center\"><strong><a href=\"https:\/\/jalostus.kennelliitto.fi\/frmKoira.aspx?RekNo=FI32532\/18&amp;R=139\">Racy Red Glenstal Dawn of Dellingr<\/a><\/strong><\/p>\n\n\n\n<p class=\"has-text-align-center\">synt. \/ born 25\/10\/2017<\/p>\n\n\n\n<p class=\"has-text-align-center\"><\/p>\n\n\n\n<figure class=\"wp-block-image size-large\"><img loading=\"lazy\" decoding=\"async\" width=\"1024\" height=\"683\" src=\"https:\/\/www.racyred.net\/wp-content\/uploads\/2026\/04\/Verka-Tromso-1024x683.jpg\" alt=\"\" class=\"wp-image-119\" srcset=\"https:\/\/www.racyred.net\/wp-content\/uploads\/2026\/04\/Verka-Tromso-1024x683.jpg 1024w, https:\/\/www.racyred.net\/wp-content\/uploads\/2026\/04\/Verka-Tromso-300x200.jpg 300w, https:\/\/www.racyred.net\/wp-content\/uploads\/2026\/04\/Verka-Tromso-768x512.jpg 768w, https:\/\/www.racyred.net\/wp-content\/uploads\/2026\/04\/Verka-Tromso-1536x1024.jpg 1536w, https:\/\/www.racyred.net\/wp-content\/uploads\/2026\/04\/Verka-Tromso-1140x760.jpg 1140w, https:\/\/www.racyred.net\/wp-content\/uploads\/2026\/04\/Verka-Tromso.jpg 2048w\" sizes=\"auto, (max-width: 1024px) 100vw, 1024px\" \/><figcaption class=\"wp-element-caption\"><sup>Best in Group 1 &amp; Best in Show 3, Troms\u00f8 NORD 17\/8\/2025<br>Photo Freddy Lindrupsen<\/sup><\/figcaption><\/figure>\n\n\n\n<p>Voi Verka, Verka&#8230;<\/p>\n\n\n\n<p>Kun t\u00e4m\u00e4 pentue aikanaan syntyi, ei minulla ollut pienint\u00e4k\u00e4\u00e4n ajatusta pit\u00e4\u00e4 pentua kotona, saatika sitten urosta. Vaan kun silm\u00e4 vaan tarttui meid\u00e4n pieneen vihre\u00e4pantaiseen poikaan kiinni, niin syd\u00e4n sen lopulta p\u00e4\u00e4tti: t\u00e4m\u00e4 poika ei l\u00e4hde minnek\u00e4\u00e4n. Enk\u00e4 kyll\u00e4 siin\u00e4 vaiheessa osannut edes haaveilla millainen huipputyyppi siit\u00e4 kasvaisi.<\/p>\n\n\n\n<p>Verka on luonteeltaan kultainen per\u00e4kammarin poika, \u00e4itins\u00e4 tiukan valvovan silm\u00e4n alla kasvanut rauhallinen kaveri, vaan kun sille pist\u00e4\u00e4 n\u00e4yttelyhihnan kaulaan, se nostaa nahkatakin kaulukset pystyyn ja esiintyy hienosti edukseen asenteella &#8221;saas n\u00e4hd\u00e4 kuka t\u00e4\u00e4ll\u00e4 tulee toiseksi&#8221;. Verkan kanssa on n\u00e4yttelykehiss\u00e4 eletty niin monta upeaa hetke\u00e4 ja saavutettu niin paljon, ett\u00e4 toista samanlaista koiraa tuskin tulee. Sen lis\u00e4ksi ukkelin nen\u00e4 toimii mets\u00e4ss\u00e4 ja se on saavuttanut my\u00f6s j\u00e4ljestysvalion arvon. Mutta kaikkein t\u00e4rkeimp\u00e4n\u00e4: Verka on kultaisista kultaisin lemmikki, jolle eteen tulevat asiat ovat p\u00e4\u00e4s\u00e4\u00e4nt\u00f6isesti aivan ok, joka osaa ja tykk\u00e4\u00e4 leikki\u00e4 huomaavaisesti pentujen ja pienempien koirien kanssa ja joka rakastaa k\u00e4perty\u00e4 pikku myttyr\u00e4lle syliin kuuntelemaan, ett\u00e4 on maailman parhain poika.<\/p>\n\n\n\n<p>Verka on kolmen hienon pentueen is\u00e4.<\/p>\n\n\n\n<p>T\u00e4m\u00e4 koira ei unohdu ikin\u00e4. &lt;3 <\/p>\n\n\n\n<figure class=\"wp-block-image size-full\"><img loading=\"lazy\" decoding=\"async\" width=\"609\" height=\"453\" src=\"https:\/\/www.racyred.net\/wp-content\/uploads\/2026\/04\/Verka-Riikka-Leppanen.jpg\" alt=\"\" class=\"wp-image-120\" srcset=\"https:\/\/www.racyred.net\/wp-content\/uploads\/2026\/04\/Verka-Riikka-Leppanen.jpg 609w, https:\/\/www.racyred.net\/wp-content\/uploads\/2026\/04\/Verka-Riikka-Leppanen-300x223.jpg 300w\" sizes=\"auto, (max-width: 609px) 100vw, 609px\" \/><figcaption class=\"wp-element-caption\"><sup>Photo: Riikka Lepp\u00e4nen<\/sup><\/figcaption><\/figure>\n\n\n\n<figure class=\"wp-block-image size-large\"><img loading=\"lazy\" decoding=\"async\" width=\"1024\" height=\"683\" src=\"https:\/\/www.racyred.net\/wp-content\/uploads\/2026\/04\/Verka-Sara-Laukkanen-1024x683.jpg\" alt=\"\" class=\"wp-image-122\" srcset=\"https:\/\/www.racyred.net\/wp-content\/uploads\/2026\/04\/Verka-Sara-Laukkanen-1024x683.jpg 1024w, https:\/\/www.racyred.net\/wp-content\/uploads\/2026\/04\/Verka-Sara-Laukkanen-300x200.jpg 300w, https:\/\/www.racyred.net\/wp-content\/uploads\/2026\/04\/Verka-Sara-Laukkanen-768x512.jpg 768w, https:\/\/www.racyred.net\/wp-content\/uploads\/2026\/04\/Verka-Sara-Laukkanen-1536x1024.jpg 1536w, https:\/\/www.racyred.net\/wp-content\/uploads\/2026\/04\/Verka-Sara-Laukkanen-1140x760.jpg 1140w, https:\/\/www.racyred.net\/wp-content\/uploads\/2026\/04\/Verka-Sara-Laukkanen.jpg 2048w\" sizes=\"auto, (max-width: 1024px) 100vw, 1024px\" \/><figcaption class=\"wp-element-caption\"><sup>Photo: Sara Laukkanen<\/sup><\/figcaption><\/figure>\n\n\n\n<figure class=\"wp-block-image size-full\"><img loading=\"lazy\" decoding=\"async\" width=\"525\" height=\"662\" src=\"https:\/\/www.racyred.net\/wp-content\/uploads\/2026\/04\/Verka-paa-Nea-Finnig.jpg\" alt=\"\" class=\"wp-image-123\" srcset=\"https:\/\/www.racyred.net\/wp-content\/uploads\/2026\/04\/Verka-paa-Nea-Finnig.jpg 525w, https:\/\/www.racyred.net\/wp-content\/uploads\/2026\/04\/Verka-paa-Nea-Finnig-238x300.jpg 238w\" sizes=\"auto, (max-width: 525px) 100vw, 525px\" \/><figcaption class=\"wp-element-caption\"><sup>Photo: Nea Finnig<\/sup><\/figcaption><\/figure>\n\n\n\n<p><\/p>\n","protected":false},"excerpt":{"rendered":"<p>C.I.B. FI MVA FI JVA SE MVA NO MVA HeJW-18 JV-18 V-18 HeW-19 V-19 HeW-21 V-21 ARCTICW-25&nbsp; Racy Red Glenstal Dawn of Dellingr synt. \/ born 25\/10\/2017 Voi Verka, Verka&#8230; Kun t\u00e4m\u00e4 pentue aikanaan syntyi, ei minulla ollut pienint\u00e4k\u00e4\u00e4n ajatusta pit\u00e4\u00e4 pentua kotona, saatika sitten urosta. Vaan kun silm\u00e4 vaan tarttui meid\u00e4n pieneen vihre\u00e4pantaiseen poikaan kiinni, niin syd\u00e4n sen lopulta p\u00e4\u00e4tti: t\u00e4m\u00e4 poika ei l\u00e4hde minnek\u00e4\u00e4n. Enk\u00e4 kyll\u00e4 siin\u00e4 vaiheessa osannut edes haaveilla millainen huipputyyppi siit\u00e4 kasvaisi. Verka on luonteeltaan kultainen per\u00e4kammarin poika, \u00e4itins\u00e4 tiukan valvovan silm\u00e4n alla kasvanut rauhallinen kaveri, vaan kun sille pist\u00e4\u00e4 n\u00e4yttelyhihnan kaulaan, se nostaa nahkatakin kaulukset pystyyn ja esiintyy hienosti edukseen asenteella &#8221;saas n\u00e4hd\u00e4 kuka t\u00e4\u00e4ll\u00e4 tulee toiseksi&#8221;. Verkan kanssa on n\u00e4yttelykehiss\u00e4 eletty niin monta upeaa hetke\u00e4 ja saavutettu niin paljon, ett\u00e4 toista samanlaista koiraa tuskin tulee. Sen lis\u00e4ksi ukkelin nen\u00e4 toimii mets\u00e4ss\u00e4 ja se on saavuttanut my\u00f6s j\u00e4ljestysvalion arvon. Mutta kaikkein t\u00e4rkeimp\u00e4n\u00e4: Verka on kultaisista kultaisin lemmikki, jolle eteen tulevat asiat ovat p\u00e4\u00e4s\u00e4\u00e4nt\u00f6isesti aivan ok, joka osaa ja tykk\u00e4\u00e4 leikki\u00e4 huomaavaisesti pentujen ja pienempien koirien kanssa ja joka rakastaa k\u00e4perty\u00e4 pikku myttyr\u00e4lle syliin kuuntelemaan, ett\u00e4 on maailman parhain poika. Verka on kolmen hienon pentueen is\u00e4. T\u00e4m\u00e4 koira ei unohdu ikin\u00e4. &lt;3<\/p>\n","protected":false},"author":1,"featured_media":0,"parent":0,"menu_order":0,"comment_status":"closed","ping_status":"closed","template":"","meta":{"footnotes":""},"class_list":["post-118","page","type-page","status-publish","hentry"],"_links":{"self":[{"href":"https:\/\/www.racyred.net\/index.php\/wp-json\/wp\/v2\/pages\/118","targetHints":{"allow":["GET"]}}],"collection":[{"href":"https:\/\/www.racyred.net\/index.php\/wp-json\/wp\/v2\/pages"}],"about":[{"href":"https:\/\/www.racyred.net\/index.php\/wp-json\/wp\/v2\/types\/page"}],"author":[{"embeddable":true,"href":"https:\/\/www.racyred.net\/index.php\/wp-json\/wp\/v2\/users\/1"}],"replies":[{"embeddable":true,"href":"https:\/\/www.racyred.net\/index.php\/wp-json\/wp\/v2\/comments?post=118"}],"version-history":[{"count":3,"href":"https:\/\/www.racyred.net\/index.php\/wp-json\/wp\/v2\/pages\/118\/revisions"}],"predecessor-version":[{"id":200,"href":"https:\/\/www.racyred.net\/index.php\/wp-json\/wp\/v2\/pages\/118\/revisions\/200"}],"wp:attachment":[{"href":"https:\/\/www.racyred.net\/index.php\/wp-json\/wp\/v2\/media?parent=118"}],"curies":[{"name":"wp","href":"https:\/\/api.w.org\/{rel}","templated":true}]}}