{"id":129,"date":"2026-04-21T15:39:05","date_gmt":"2026-04-21T15:39:05","guid":{"rendered":"https:\/\/www.racyred.net\/?page_id=129"},"modified":"2026-04-21T15:42:53","modified_gmt":"2026-04-21T15:42:53","slug":"pinni","status":"publish","type":"page","link":"https:\/\/www.racyred.net\/index.php\/pinni\/","title":{"rendered":"Pinni"},"content":{"rendered":"\n<p class=\"has-text-align-center\"><small>C.I.B. FI MVA FI VMVA FI JVA NO MVA LV MVA RU MVA BY MVA RKFV JV-14 <\/small><br><small>HeJW-14 BYV-15 HeVW-23 VMV-25 ARCTICW-25 ARCTICVW25<\/small><strong>\u00a0<\/strong><\/p>\n\n\n\n<p class=\"has-text-align-center\"><strong><a href=\"https:\/\/jalostus.kennelliitto.fi\/frmKoira.aspx?RekNo=FI18797\/14&amp;R=139\">Glenstal&#8217;s Grand Entrance for Racy Red<\/a><\/strong><\/p>\n\n\n\n<p class=\"has-text-align-center\">synt. born 11\/8\/2013<\/p>\n\n\n\n<p class=\"has-text-align-left\">Pinni tuli minulle Glenstal&#8217;s -kennelist\u00e4 USA:sta. Ensi hetkest\u00e4 l\u00e4htien oli selv\u00e4\u00e4, ett\u00e4 luonteeltaan tytt\u00f6 on t\u00e4ytt\u00e4 kultaa: toisaalta terrierim\u00e4isen ter\u00e4v\u00e4 ja voimakastahtoinen ja silti samalla niin t\u00e4ynn\u00e4 rakkautta, ett\u00e4 sit\u00e4 riitt\u00e4\u00e4 jokaiselle, joka sille huomiotaan suo. Ulkoisesti se on minun mieleiseni kokonaisuus eleganssia, voimaa ja rakennetta. <\/p>\n\n\n\n<p>T\u00e4h\u00e4n tytt\u00f6\u00f6n on pakattu tulta ja tappuraa useammankin irskin edest\u00e4 ja viel\u00e4 nyt veteraaninakin se jaksaa esittell\u00e4 nuoremmilleen omia, jo melkein tavaramerkiksi muodostuneita metkujaan. Pinni on harrastushommista ansaitulla el\u00e4kkeell\u00e4, saavutettuaan viel\u00e4 12-vuotiaana Maailman Veteraanivoittaja 2025-tittelin.<\/p>\n\n\n\n<figure class=\"wp-block-image size-large\"><img loading=\"lazy\" decoding=\"async\" width=\"684\" height=\"1024\" src=\"https:\/\/www.racyred.net\/wp-content\/uploads\/2026\/04\/Pinni-Aino-Vakkilainen-684x1024.jpg\" alt=\"\" class=\"wp-image-111\" srcset=\"https:\/\/www.racyred.net\/wp-content\/uploads\/2026\/04\/Pinni-Aino-Vakkilainen-684x1024.jpg 684w, https:\/\/www.racyred.net\/wp-content\/uploads\/2026\/04\/Pinni-Aino-Vakkilainen-200x300.jpg 200w, https:\/\/www.racyred.net\/wp-content\/uploads\/2026\/04\/Pinni-Aino-Vakkilainen-768x1151.jpg 768w, https:\/\/www.racyred.net\/wp-content\/uploads\/2026\/04\/Pinni-Aino-Vakkilainen-1025x1536.jpg 1025w, https:\/\/www.racyred.net\/wp-content\/uploads\/2026\/04\/Pinni-Aino-Vakkilainen-1140x1708.jpg 1140w, https:\/\/www.racyred.net\/wp-content\/uploads\/2026\/04\/Pinni-Aino-Vakkilainen.jpg 1367w\" sizes=\"auto, (max-width: 684px) 100vw, 684px\" \/><figcaption class=\"wp-element-caption\"><sup>Pinni<br>Photo: Aino Vakkilainen<\/sup><\/figcaption><\/figure>\n\n\n\n<figure class=\"wp-block-image size-large\"><img loading=\"lazy\" decoding=\"async\" width=\"1024\" height=\"789\" src=\"https:\/\/www.racyred.net\/wp-content\/uploads\/2026\/04\/Pinni-VMV-Jetta-2-1-1024x789.jpg\" alt=\"\" class=\"wp-image-131\" srcset=\"https:\/\/www.racyred.net\/wp-content\/uploads\/2026\/04\/Pinni-VMV-Jetta-2-1-1024x789.jpg 1024w, https:\/\/www.racyred.net\/wp-content\/uploads\/2026\/04\/Pinni-VMV-Jetta-2-1-300x231.jpg 300w, https:\/\/www.racyred.net\/wp-content\/uploads\/2026\/04\/Pinni-VMV-Jetta-2-1-768x592.jpg 768w, https:\/\/www.racyred.net\/wp-content\/uploads\/2026\/04\/Pinni-VMV-Jetta-2-1-1536x1183.jpg 1536w, https:\/\/www.racyred.net\/wp-content\/uploads\/2026\/04\/Pinni-VMV-Jetta-2-1-2048x1578.jpg 2048w, https:\/\/www.racyred.net\/wp-content\/uploads\/2026\/04\/Pinni-VMV-Jetta-2-1-1140x878.jpg 1140w\" sizes=\"auto, (max-width: 1024px) 100vw, 1024px\" \/><figcaption class=\"wp-element-caption\"><sup>World Veteran Winner 2025 Helsinki<br>Photo: Jetta Tschokkinen<\/sup><\/figcaption><\/figure>\n\n\n\n<figure class=\"wp-block-image size-large\"><img loading=\"lazy\" decoding=\"async\" width=\"576\" height=\"1024\" src=\"https:\/\/www.racyred.net\/wp-content\/uploads\/2026\/04\/WhatsApp-Image-2026-04-21-at-18.37.59-576x1024.jpeg\" alt=\"\" class=\"wp-image-132\" srcset=\"https:\/\/www.racyred.net\/wp-content\/uploads\/2026\/04\/WhatsApp-Image-2026-04-21-at-18.37.59-576x1024.jpeg 576w, https:\/\/www.racyred.net\/wp-content\/uploads\/2026\/04\/WhatsApp-Image-2026-04-21-at-18.37.59-169x300.jpeg 169w, https:\/\/www.racyred.net\/wp-content\/uploads\/2026\/04\/WhatsApp-Image-2026-04-21-at-18.37.59-768x1365.jpeg 768w, https:\/\/www.racyred.net\/wp-content\/uploads\/2026\/04\/WhatsApp-Image-2026-04-21-at-18.37.59-864x1536.jpeg 864w, https:\/\/www.racyred.net\/wp-content\/uploads\/2026\/04\/WhatsApp-Image-2026-04-21-at-18.37.59.jpeg 900w\" sizes=\"auto, (max-width: 576px) 100vw, 576px\" \/><figcaption class=\"wp-element-caption\"><sup>Photo: Inger Ekman<\/sup><\/figcaption><\/figure>\n\n\n\n<p><\/p>\n","protected":false},"excerpt":{"rendered":"<p>C.I.B. FI MVA FI VMVA FI JVA NO MVA LV MVA RU MVA BY MVA RKFV JV-14 HeJW-14 BYV-15 HeVW-23 VMV-25 ARCTICW-25 ARCTICVW25\u00a0 Glenstal&#8217;s Grand Entrance for Racy Red synt. born 11\/8\/2013 Pinni tuli minulle Glenstal&#8217;s -kennelist\u00e4 USA:sta. Ensi hetkest\u00e4 l\u00e4htien oli selv\u00e4\u00e4, ett\u00e4 luonteeltaan tytt\u00f6 on t\u00e4ytt\u00e4 kultaa: toisaalta terrierim\u00e4isen ter\u00e4v\u00e4 ja voimakastahtoinen ja silti samalla niin t\u00e4ynn\u00e4 rakkautta, ett\u00e4 sit\u00e4 riitt\u00e4\u00e4 jokaiselle, joka sille huomiotaan suo. Ulkoisesti se on minun mieleiseni kokonaisuus eleganssia, voimaa ja rakennetta. T\u00e4h\u00e4n tytt\u00f6\u00f6n on pakattu tulta ja tappuraa useammankin irskin edest\u00e4 ja viel\u00e4 nyt veteraaninakin se jaksaa esittell\u00e4 nuoremmilleen omia, jo melkein tavaramerkiksi muodostuneita metkujaan. Pinni on harrastushommista ansaitulla el\u00e4kkeell\u00e4, saavutettuaan viel\u00e4 12-vuotiaana Maailman Veteraanivoittaja 2025-tittelin.<\/p>\n","protected":false},"author":1,"featured_media":0,"parent":0,"menu_order":0,"comment_status":"closed","ping_status":"closed","template":"","meta":{"footnotes":""},"class_list":["post-129","page","type-page","status-publish","hentry"],"_links":{"self":[{"href":"https:\/\/www.racyred.net\/index.php\/wp-json\/wp\/v2\/pages\/129","targetHints":{"allow":["GET"]}}],"collection":[{"href":"https:\/\/www.racyred.net\/index.php\/wp-json\/wp\/v2\/pages"}],"about":[{"href":"https:\/\/www.racyred.net\/index.php\/wp-json\/wp\/v2\/types\/page"}],"author":[{"embeddable":true,"href":"https:\/\/www.racyred.net\/index.php\/wp-json\/wp\/v2\/users\/1"}],"replies":[{"embeddable":true,"href":"https:\/\/www.racyred.net\/index.php\/wp-json\/wp\/v2\/comments?post=129"}],"version-history":[{"count":2,"href":"https:\/\/www.racyred.net\/index.php\/wp-json\/wp\/v2\/pages\/129\/revisions"}],"predecessor-version":[{"id":137,"href":"https:\/\/www.racyred.net\/index.php\/wp-json\/wp\/v2\/pages\/129\/revisions\/137"}],"wp:attachment":[{"href":"https:\/\/www.racyred.net\/index.php\/wp-json\/wp\/v2\/media?parent=129"}],"curies":[{"name":"wp","href":"https:\/\/api.w.org\/{rel}","templated":true}]}}