{"id":142,"date":"2026-04-21T15:58:46","date_gmt":"2026-04-21T15:58:46","guid":{"rendered":"https:\/\/www.racyred.net\/?page_id=142"},"modified":"2026-04-21T20:07:54","modified_gmt":"2026-04-21T20:07:54","slug":"aiemmat-pentueet-previous-litters","status":"publish","type":"page","link":"https:\/\/www.racyred.net\/index.php\/aiemmat-pentueet-previous-litters\/","title":{"rendered":"Aiemmat pentueet &#8211; Previous litters"},"content":{"rendered":"\n<p>15.2.2026<br>3 urosta + 3 narttua &#8211; 3 males + 3 bitches<br><br>Is\u00e4\/Sire:<br><a href=\"https:\/\/jalostus.kennelliitto.fi\/frmKoira.aspx?RekNo=VDH%2FKFT11%2F0021062&amp;R=139\">Caramel&#8217;s Yeah! Yoshua <\/a>&#8221;Yoshi&#8221;<br><br>Em\u00e4\/Dam:<br><a href=\"https:\/\/jalostus.kennelliitto.fi\/frmKoira.aspx?RekNo=FI26280%2F24&amp;R=139\">Merrymac Let Them Talk<\/a> &#8221;Nukka&#8221;<br><br>Racy Red Malty Mayhem &#8221;Hilma&#8221;<br>Racy Red Mischief on Tap &#8221;Chiba&#8221;<br>Racy Red Pint-Sized Pandemonium &#8221;Tuura&#8221;<br>Racy Red Barrel Bandit &#8221;Enzo&#8221;<br>Racy Red Brewed Bedlam &#8221;Totti&#8221;<br>Racy Red Hold My Guinness &#8221;Melvin&#8221;<br><br>As the litter was born during Carnival, their names are inspired by the Bar Hooley theme.<\/p>\n\n\n\n<hr class=\"wp-block-separator has-alpha-channel-opacity\"\/>\n\n\n\n<p>27.11.2024<br>5 urosta + 2 narttua &#8211; 5 males + 2 bitches<br><br>Racy Red Ailm &#8221;Pepe&#8221;<br>Racy Red Celtic Cross &#8221;Tahvo&#8221;<br>Racy Red Dara Knot &#8221;Veini&#8221;<br>Racy Red Shamrock &#8221;Enska&#8221; <br>Racy Red Triquetra &#8221;Sokka&#8221;<br>Racy Red Claddagh &#8221;Meara&#8221;<br>Racy Red Triskelion &#8221;Muikku&#8221;<br><br>Is\u00e4\/Sire: <br><a href=\"https:\/\/www.racyred.net\/index.php\/verka-2\/\" data-type=\"page\" data-id=\"118\">Verka<\/a><br><br>Em\u00e4\/Dam:<br><a href=\"https:\/\/jalostus.kennelliitto.fi\/frmKoira.aspx?RekNo=FI26280%2F24&amp;R=139\">Merrymac Let Them Talk<\/a> &#8221;Nukka&#8221;<br>Nukka is my Swedish import from the world famous Merrymac kennel in Sweden. Nukka is loved and spoiled by Sanna Alpua &amp; family.<br><br>This litter was named after Celtic symbols<\/p>\n\n\n\n<hr class=\"wp-block-separator has-alpha-channel-opacity\"\/>\n\n\n\n<p>2.10.2019<br>3 urosta + 1 narttu &#8211; 3 males + 1 bitch<br><br>Racy Red Lia Fa\u00ecl &#8221;Uku&#8221;<br>Racy Red Lugh&#8217;s Spear &#8221;Ra&#8221;<br>Racy Red Nuada&#8217;s Sword &#8221;Keke&#8221;<br>Racy Red Dagda&#8217;s Cauldron &#8221;Salli&#8221;<br><br>Is\u00e4\/Sire:<br><a href=\"https:\/\/jalostus.kennelliitto.fi\/frmKoira.aspx?RekNo=FI10899%2F18&amp;R=139\">Alcaphi&#8217;s Kross Fire<\/a> &#8221;Henri&#8221;<br><br>Em\u00e4\/Dam:<br>FI MVA RU MVA RKFV<br><a href=\"https:\/\/jalostus.kennelliitto.fi\/frmKoira.aspx?RekNo=FI32760%2F13&amp;R=139\">Racy Red Fountain of Youth <\/a>&#8221;Hilla&#8221;<br><br>These four puppies got their names from the Four Treasures of the Tuatha D\u00e9 Danann<br><br>Thanks again Katja &amp; Petteri for cooperation!<\/p>\n\n\n\n<hr class=\"wp-block-separator has-alpha-channel-opacity\"\/>\n\n\n\n<p>25.10.2017<br>3 urosta + 5 narttua &#8211; 3 males + 5 bitches<br><br>Racy Red Glenstal Aegir of the Seas &#8221;K\u00f6pi&#8221;<br>Racy Red Glenstal Dawn of Dellingr &#8221;Verka&#8221;<br>Racy Red Glenstal Thor of Thunder &#8221;Tuure&#8221;<br>Racy Red Glenstal Eir&#8217;s Blessing &#8221;Tuittu&#8221;<br>Racy Red Glenstal Freya&#8217;s Legacy &#8221;Tinka&#8221;<br>Racy Red Glenstal Frigg&#8217;s Instinct &#8221;Lyyli&#8221;<br>Racy Red Glenstal Gefjon&#8217;s Harvest &#8221;Ebba&#8221;<br>Racy Red Glenstal Saga&#8217;s Perception &#8221;Pulmu&#8221;<\/p>\n\n\n\n<p>Is\u00e4\/Sire:<br>FI CH, erikoisn\u00e4yttelyn BIS 2017 \/ Best In Specialty Show 2017<br><a href=\"https:\/\/web.archive.org\/web\/20220701084922\/https:\/\/jalostus.kennelliitto.fi\/frmKoira.aspx?RekNo=FI53866\/15&amp;R=139\" target=\"_blank\" rel=\"noreferrer noopener\">Longjohns Alder Creek<\/a>&nbsp;&#8221;J\u00f6sse&#8221;<\/p>\n\n\n\n<p><br>Em\u00e4\/Dam:<br>C.I.B, FI &amp; LV &amp; RU &amp; BY CH, FIJW-14, HeJW-14, BYW-15<br><a href=\"https:\/\/web.archive.org\/web\/20220701084922\/https:\/\/jalostus.kennelliitto.fi\/frmKoira.aspx?RekNo=FI18797\/14&amp;R=139\" target=\"_blank\" rel=\"noreferrer noopener\">Glenstal&#8217;s Grand Entrance for Racy Red<\/a>&nbsp;&#8221;<a href=\"https:\/\/web.archive.org\/web\/20220701084922\/https:\/\/kotisivukone.fi\/app\/www\/racyred.kotisivukone.com\/pinni-glenstals-grand-entrance-for-racy-red\">Pinni<\/a>&#8221;<\/p>\n\n\n\n<p>This litter got their names from Norse gods:<\/p>\n\n\n\n<p>Aegir is the god of the seas<br>Dellingr is the god of dawn, or the personification of dawn<br>Thor is the god of thunder<br>Eir is a goddess associated with medical skills<br>Freya is famous for her fondness of love, fertility, beauty, and fine material possessions<br>Frigg is the goddess of the sky and she had the power of prophecy and was in charge of weaving the fates<br>Gefjon is goddess of agriculture, fertility, abundance, and prosperity<br>Saga is the goddess associated with the wisdom, history and storytelling<br><br>I want to sincerely thank everyone who helped and showed support in this project during the months in so many different ways. Special thanks to Tiina, Jussi and Piia for co-operation.<\/p>\n\n\n\n<hr class=\"wp-block-separator has-alpha-channel-opacity\"\/>\n\n\n\n<p>18.5.2017<br>1 narttu &#8211; 1 bitch<br>Racy Red Tree of Life&nbsp;&#8221;Varpu&#8221;<\/p>\n\n\n\n<p>Is\u00e4\/sire:<\/p>\n\n\n\n<p>FI &amp; NO &amp; SE &amp; DK &amp; US CH, JEUW-15, JWW-15, SEJV-15, FIW-15,<br>HeW-16, DKW-15, NORDW-16, SEW-16 MerryMac You Are The Winner &#8221;Benson&#8221;<\/p>\n\n\n\n<p>Em\u00e4\/Dam:<br>FI &amp; RU CH, RKFW<br><a href=\"https:\/\/web.archive.org\/web\/20220701084922\/https:\/\/jalostus.kennelliitto.fi\/frmKoira.aspx?RekNo=FI32760\/13&amp;R=\" target=\"_blank\" rel=\"noreferrer noopener\">Racy Red Fountain of Youth<\/a>&nbsp;&#8221;Hilla&#8221;<\/p>\n\n\n\n<p>The story behind her official name:<\/p>\n\n\n\n<p>&#8221;According to the Ancient Celtic Druids, the Tree of Life possessed special powers. When they cleared an area for the purposes of settlement, a single tree would be left in the centre which became known as the Tree of Life. It provided food, warmth and shelter to the population and was also an important meeting place for high ranking members of the tribe. As it also provided nourishment to animals, this tree was believed to take care of all life on Earth. The Celts also believed that each tree was an ancestor of a human being. It is said that Celtic tribes would only inhabit locations where such a tree was present.&#8221;<br><br>L\u00e4mmin kiitos Hillan omistajille Katja Jokelaiselle ja Petteri Salmij\u00e4rvelle sek\u00e4 uroksen kasvattajille ja omistajille Gertrud &amp; Thomas Hagstr\u00f6mille yhteisty\u00f6st\u00e4!<br><br>I want to thank Hilla&#8217;s owners Katja Jokelainen &amp; Petteri Salmij\u00e4rvi as well as for Benson&#8217;s breeders and owners Gertrud &amp; Thomas Hagstr\u00f6m for co-operation!<\/p>\n\n\n\n<hr class=\"wp-block-separator has-alpha-channel-opacity\"\/>\n\n\n\n<p>7.5.2013<br>3 urosta + 1 narttu &#8211; 3 males + 1 bitch<\/p>\n\n\n\n<p>Racy Red Holy Grail &#8221;Papu&#8221;<br>Racy Red Midas Touch &#8221;Milo&#8221;<br>Racy Red Philosopher&#8217;s Stone &#8221;Jim&#8221;<br>Racy Red Fountain of Youth &#8221;Hilla&#8221;<\/p>\n\n\n\n<p>Is\u00e4\/sire:<br>C.I.B, NORD JW-09, NORD &amp; NO &amp; SE CH, WW-11<br>Mac Rua&#8217;s Hot Hazelnut<br><br>Em\u00e4\/dam:<br>C.I.B, FI &amp; EE &amp; RU &amp; GI CH, RKFW, FIW-11<br><a href=\"https:\/\/web.archive.org\/web\/20220701084922\/https:\/\/jalostus.kennelliitto.fi\/frmKoira.aspx?RekNo=FI31309\/09&amp;R=139\">Karamell-IN T\u00e4tt\u00e4h\u00e4\u00e4r\u00e4<\/a>&nbsp;&#8221;<a href=\"https:\/\/web.archive.org\/web\/20220701084922\/https:\/\/www.racyred.net\/hyrra\">Hyrr\u00e4<\/a>&#8221;<br><\/p>\n\n\n\n<p>Ensimm\u00e4inen pentue oli yht\u00e4 ihmeiden ja ihmettelyn aikaa, siksi pentujen nimetkin olivat &#8221;aivan ihmeelliset&#8221; eli per\u00e4isin mytologian ihmeilt\u00e4.<\/p>\n\n\n\n<p>The first litter felt like a miracle from the first minute, that&#8217;s why the puppies got their names from the miracles of mythology:<\/p>\n\n\n\n<p>The&nbsp;<em>Holy Grail&nbsp;<\/em>is a vessel that serves as an important motif in Arthurian literature. Different traditions describe it as a cup, dish or stone with miraculous powers that provide happiness, eternal youth or sustenance in infinite abundance.<\/p>\n\n\n\n<p>The most famous King Midas is remembered in Greek mythology for his ability to turn everything he touched into gold. This came to be called the golden touch, or the&nbsp;<em>Midas touch<\/em>.<\/p>\n\n\n\n<p>The&nbsp;<em>philosopher&#8217;s stone<\/em>&nbsp;is a legendary alchemical substance capable of turning base metals such as mercury into gold.<\/p>\n\n\n\n<p>The&nbsp;<em>Fountain of Youth<\/em>&nbsp;is a spring that supposedly restores the youth of anyone who drinks or bathes in its waters.<br><br>Thanks to Eva Brunstedt for letting me breed Hyrr\u00e4 to Roy!<br>Thanks to all puppy families for your trust!<\/p>\n","protected":false},"excerpt":{"rendered":"<p>15.2.20263 urosta + 3 narttua &#8211; 3 males + 3 bitches Is\u00e4\/Sire:Caramel&#8217;s Yeah! Yoshua &#8221;Yoshi&#8221; Em\u00e4\/Dam:Merrymac Let Them Talk &#8221;Nukka&#8221; Racy Red Malty Mayhem &#8221;Hilma&#8221;Racy Red Mischief on Tap &#8221;Chiba&#8221;Racy Red Pint-Sized Pandemonium &#8221;Tuura&#8221;Racy Red Barrel Bandit &#8221;Enzo&#8221;Racy Red Brewed Bedlam &#8221;Totti&#8221;Racy Red Hold My Guinness &#8221;Melvin&#8221; As the litter was born during Carnival, their names are inspired by the Bar Hooley theme. 27.11.20245 urosta + 2 narttua &#8211; 5 males + 2 bitches Racy Red Ailm &#8221;Pepe&#8221;Racy Red Celtic Cross &#8221;Tahvo&#8221;Racy Red Dara Knot &#8221;Veini&#8221;Racy Red Shamrock &#8221;Enska&#8221; Racy Red Triquetra &#8221;Sokka&#8221;Racy Red Claddagh &#8221;Meara&#8221;Racy Red Triskelion &#8221;Muikku&#8221; Is\u00e4\/Sire: Verka Em\u00e4\/Dam:Merrymac Let Them Talk &#8221;Nukka&#8221;Nukka is my Swedish import from the world famous Merrymac kennel in Sweden. Nukka is loved and spoiled by Sanna Alpua &amp; family. This litter was named after Celtic symbols 2.10.20193 urosta + 1 narttu &#8211; 3 males + 1 bitch Racy Red Lia Fa\u00ecl &#8221;Uku&#8221;Racy Red Lugh&#8217;s Spear &#8221;Ra&#8221;Racy Red Nuada&#8217;s Sword &#8221;Keke&#8221;Racy Red Dagda&#8217;s Cauldron &#8221;Salli&#8221; Is\u00e4\/Sire:Alcaphi&#8217;s Kross Fire &#8221;Henri&#8221; Em\u00e4\/Dam:FI MVA RU MVA RKFVRacy Red Fountain of Youth &#8221;Hilla&#8221; These four puppies got their names from the Four Treasures of the Tuatha D\u00e9 Danann Thanks again Katja &amp; Petteri for cooperation! 25.10.20173 urosta + 5 narttua &#8211; 3 males + 5 bitches Racy Red Glenstal Aegir of the Seas &#8221;K\u00f6pi&#8221;Racy Red Glenstal Dawn of Dellingr &#8221;Verka&#8221;Racy Red Glenstal Thor of Thunder &#8221;Tuure&#8221;Racy Red Glenstal Eir&#8217;s Blessing &#8221;Tuittu&#8221;Racy Red Glenstal Freya&#8217;s Legacy &#8221;Tinka&#8221;Racy Red Glenstal Frigg&#8217;s Instinct &#8221;Lyyli&#8221;Racy Red Glenstal Gefjon&#8217;s Harvest &#8221;Ebba&#8221;Racy Red Glenstal Saga&#8217;s Perception &#8221;Pulmu&#8221; Is\u00e4\/Sire:FI CH, erikoisn\u00e4yttelyn BIS 2017 \/ Best In Specialty Show 2017Longjohns Alder Creek&nbsp;&#8221;J\u00f6sse&#8221; Em\u00e4\/Dam:C.I.B, FI &amp; LV &amp; RU &amp; BY CH, FIJW-14, HeJW-14, BYW-15Glenstal&#8217;s Grand Entrance for Racy Red&nbsp;&#8221;Pinni&#8221; This litter got their names from Norse gods: Aegir is the god of the seasDellingr is the god of dawn, or the personification of dawnThor is the god of thunderEir is a goddess associated with medical skillsFreya is famous for her fondness of love, fertility, beauty, and fine material possessionsFrigg is the goddess of the sky and she had the power of prophecy and was in charge of weaving the fatesGefjon is goddess of agriculture, fertility, abundance, and prosperitySaga is the goddess associated with the wisdom, history and storytelling I want to sincerely thank everyone who helped and showed support in this project during the months in so many different ways. Special thanks to Tiina, Jussi and Piia for co-operation. 18.5.20171 narttu &#8211; 1 bitchRacy Red Tree of Life&nbsp;&#8221;Varpu&#8221; Is\u00e4\/sire: FI &amp; NO &amp; SE &amp; DK &amp; US CH, JEUW-15, JWW-15, SEJV-15, FIW-15,HeW-16, DKW-15, NORDW-16, SEW-16 MerryMac You Are The Winner &#8221;Benson&#8221; Em\u00e4\/Dam:FI &amp; RU CH, RKFWRacy Red Fountain of Youth&nbsp;&#8221;Hilla&#8221; The story behind her official name: &#8221;According to the Ancient Celtic Druids, the Tree of Life possessed special powers. When they cleared an area for the purposes of settlement, a single tree would be left in the centre which became known as the Tree of Life. It provided food, warmth and shelter to the population and was also an important meeting place for high ranking members of the tribe. As it also provided nourishment to animals, this tree was believed to take care of all life on Earth. The Celts also believed that each tree was an ancestor of a human being. It is said that Celtic tribes would only inhabit locations where such a tree was present.&#8221; L\u00e4mmin kiitos Hillan omistajille Katja Jokelaiselle ja Petteri Salmij\u00e4rvelle sek\u00e4 uroksen kasvattajille ja omistajille Gertrud &amp; Thomas Hagstr\u00f6mille yhteisty\u00f6st\u00e4! I want to thank Hilla&#8217;s owners Katja Jokelainen &amp; Petteri Salmij\u00e4rvi as well as for Benson&#8217;s breeders and owners Gertrud &amp; Thomas Hagstr\u00f6m for co-operation! 7.5.20133 urosta + 1 narttu &#8211; 3 males + 1 bitch Racy Red Holy Grail &#8221;Papu&#8221;Racy Red Midas Touch &#8221;Milo&#8221;Racy Red Philosopher&#8217;s Stone &#8221;Jim&#8221;Racy Red Fountain of Youth &#8221;Hilla&#8221; Is\u00e4\/sire:C.I.B, NORD JW-09, NORD &amp; NO &amp; SE CH, WW-11Mac Rua&#8217;s Hot Hazelnut Em\u00e4\/dam:C.I.B, FI &amp; EE &amp; RU &amp; GI CH, RKFW, FIW-11Karamell-IN T\u00e4tt\u00e4h\u00e4\u00e4r\u00e4&nbsp;&#8221;Hyrr\u00e4&#8221; Ensimm\u00e4inen pentue oli yht\u00e4 ihmeiden ja ihmettelyn aikaa, siksi pentujen nimetkin olivat &#8221;aivan ihmeelliset&#8221; eli per\u00e4isin mytologian ihmeilt\u00e4. The first litter felt like a miracle from the first minute, that&#8217;s why the puppies got their names from the miracles of mythology: The&nbsp;Holy Grail&nbsp;is a vessel that serves as an important motif in Arthurian literature. Different traditions describe it as a cup, dish or stone with miraculous powers that provide happiness, eternal youth or sustenance in infinite abundance. The most famous King Midas is remembered in Greek mythology for his ability to turn everything he touched into gold. This came to be called the golden touch, or the&nbsp;Midas touch. The&nbsp;philosopher&#8217;s stone&nbsp;is a legendary alchemical substance capable of turning base metals such as mercury into gold. The&nbsp;Fountain of Youth&nbsp;is a spring that supposedly restores the youth of anyone who drinks or bathes in its waters. Thanks to Eva Brunstedt for letting me breed Hyrr\u00e4 to Roy!Thanks to all puppy families for your trust!<\/p>\n","protected":false},"author":1,"featured_media":0,"parent":0,"menu_order":0,"comment_status":"closed","ping_status":"closed","template":"","meta":{"footnotes":""},"class_list":["post-142","page","type-page","status-publish","hentry"],"_links":{"self":[{"href":"https:\/\/www.racyred.net\/index.php\/wp-json\/wp\/v2\/pages\/142","targetHints":{"allow":["GET"]}}],"collection":[{"href":"https:\/\/www.racyred.net\/index.php\/wp-json\/wp\/v2\/pages"}],"about":[{"href":"https:\/\/www.racyred.net\/index.php\/wp-json\/wp\/v2\/types\/page"}],"author":[{"embeddable":true,"href":"https:\/\/www.racyred.net\/index.php\/wp-json\/wp\/v2\/users\/1"}],"replies":[{"embeddable":true,"href":"https:\/\/www.racyred.net\/index.php\/wp-json\/wp\/v2\/comments?post=142"}],"version-history":[{"count":3,"href":"https:\/\/www.racyred.net\/index.php\/wp-json\/wp\/v2\/pages\/142\/revisions"}],"predecessor-version":[{"id":191,"href":"https:\/\/www.racyred.net\/index.php\/wp-json\/wp\/v2\/pages\/142\/revisions\/191"}],"wp:attachment":[{"href":"https:\/\/www.racyred.net\/index.php\/wp-json\/wp\/v2\/media?parent=142"}],"curies":[{"name":"wp","href":"https:\/\/api.w.org\/{rel}","templated":true}]}}