{"id":15,"date":"2023-11-23T12:04:58","date_gmt":"2023-11-23T12:04:58","guid":{"rendered":"https:\/\/www.racyred.net\/?page_id=15"},"modified":"2026-04-21T19:58:55","modified_gmt":"2026-04-21T19:58:55","slug":"keita-olemme-who-are-we","status":"publish","type":"page","link":"https:\/\/www.racyred.net\/index.php\/keita-olemme-who-are-we\/","title":{"rendered":"Keit\u00e4 olemme &#8211; Who are we"},"content":{"rendered":"\n<div class=\"wp-block-group alignfull has-accent-2-background-color has-background\" style=\"margin-top:0;margin-bottom:0;padding-top:var(--wp--preset--spacing--50);padding-right:var(--wp--preset--spacing--50);padding-bottom:var(--wp--preset--spacing--50);padding-left:var(--wp--preset--spacing--50)\"><div class=\"wp-block-group__inner-container is-layout-constrained wp-container-core-group-is-layout-669513ed wp-block-group-is-layout-constrained\">\n<figure class=\"wp-block-image size-full\"><img loading=\"lazy\" decoding=\"async\" width=\"960\" height=\"720\" src=\"https:\/\/www.racyred.net\/wp-content\/uploads\/2026\/04\/koirat-WDS-Inger.jpg\" alt=\"\" class=\"wp-image-165\" srcset=\"https:\/\/www.racyred.net\/wp-content\/uploads\/2026\/04\/koirat-WDS-Inger.jpg 960w, https:\/\/www.racyred.net\/wp-content\/uploads\/2026\/04\/koirat-WDS-Inger-300x225.jpg 300w, https:\/\/www.racyred.net\/wp-content\/uploads\/2026\/04\/koirat-WDS-Inger-768x576.jpg 768w\" sizes=\"auto, (max-width: 960px) 100vw, 960px\" \/><figcaption class=\"wp-element-caption\"><sup>Photo: Inger Ekman<\/sup><\/figcaption><\/figure>\n<\/div><\/div>\n\n\n\n<div class=\"wp-block-group alignfull has-base-background-color has-background\" style=\"margin-top:0;margin-bottom:0;padding-top:var(--wp--preset--spacing--50);padding-right:var(--wp--preset--spacing--50);padding-bottom:var(--wp--preset--spacing--50);padding-left:var(--wp--preset--spacing--50)\"><div class=\"wp-block-group__inner-container is-layout-constrained wp-container-core-group-is-layout-d89aad35 wp-block-group-is-layout-constrained\">\n<p>Racy Red -kennelin kasvattaja olen min\u00e4, Johanna Niemel\u00e4. Asun Lapualla yhdess\u00e4 mieheni, koiriemme ja kissamme kanssa.<br><br>Ensimm\u00e4inen irlanninterrieri tuli kotiini puoliksi vahingossa kev\u00e4\u00e4ll\u00e4 1997. Juuri kotoa maailmalle l\u00e4hteneen\u00e4 kaipasin valtavasti koirakaverin seuraa ja kerroin silloin opiskelukaverilleni, ett\u00e4 olin katsellut vehn\u00e4terrieri\u00e4 v\u00e4h\u00e4n sill\u00e4 silm\u00e4ll\u00e4. H\u00e4n vastasi heti, ett\u00e4 irski kyll\u00e4 sopisi minulle vehn\u00e4terrieri\u00e4 paremmin. (Itse en ollut irskeist\u00e4 koskaan kuullutkaan siihen menness\u00e4.) Se keskustelu j\u00e4i sill\u00e4 kertaa siihen, mutta jatkui muutaman kuukauden p\u00e4\u00e4st\u00e4, kun Maija soitti ja kertoi, ett\u00e4 Turussa oli seitsem\u00e4n veljeksen ja kahden siskon pentue, joista kaikille ei ollut viel\u00e4 kotia. Siit\u00e4 alkoi valtava pohtiminen ja miettiminen, ett\u00e4 olisiko minulla mahdollisuus pit\u00e4\u00e4 koiraa. Vaaka kallisteli pitk\u00e4n aikaa juun ja ein v\u00e4lill\u00e4 ja vietin tuntikausia puhelimessa jutellen pentujen hoitot\u00e4din Nannan ja kasvattajan Tarjan kanssa sek\u00e4 koirakirjoja opiskellen. Jotenkin irskin maailmaa pelk\u00e4\u00e4m\u00e4t\u00f6n luonne kiehtoi jo silloin. Ja niin siin\u00e4 k\u00e4vi, ett\u00e4 19-vuotias, vain kotikoira-villakoiriin tottunut opiskelijatytt\u00f6 matkusti Turkuun ja ensimm\u00e4isen kerran el\u00e4m\u00e4ss\u00e4\u00e4n n\u00e4ki ilmiel\u00e4v\u00e4n irlanninterrierin, kun Nanna avasi oven ja antoi Eve-neidin syliini. Suuri rakkaus syttyi sen sili\u00e4n tien enk\u00e4 p\u00e4iv\u00e4\u00e4k\u00e4\u00e4n ole p\u00e4\u00e4t\u00f6st\u00e4ni katunut.<br><br>Lupasin Even hakiessani k\u00e4yd\u00e4 sen kanssa n\u00e4yttelyiss\u00e4 ja sain jo ensimm\u00e4isell\u00e4 yritt\u00e4m\u00e4ll\u00e4 pahan n\u00e4yttelyk\u00e4rp\u00e4sen pureman. Opettelin kantap\u00e4\u00e4n kautta koiran trimmausta ja esitt\u00e4mist\u00e4 ja yrityksen ja erehdyksen kautta Evest\u00e4 tulikin Suomen muotovalio. T\u00e4m\u00e4n rodun trimmaajia en l\u00e4hialueilta l\u00f6yt\u00e4nyt ja koska itsell\u00e4ni ei ollut mahdollisuuksia reissata koiran kanssa trimmaukseen toiselle puolelle Suomea oli kaikki teht\u00e4v\u00e4 itse. Se muuten oli ennen internet-aikakautta melkoisen haastavaa hommaa, kun yritti kysell\u00e4 puhelimitse neuvoja nyppimiseen ja turkin viimeistelyyn n\u00e4yttely\u00e4 varten! Onneksi silloin en viel\u00e4 tiennyt asioista niin paljoa kuin nyt, en\u00e4\u00e4 en ehk\u00e4 samaan ryhtyisi.<br><br>Toinen irlanninterrieri tuli samasta kennelist\u00e4 sijoituskoiraksi kahta vuotta my\u00f6hemmin. Fannista ei koskaan tullut ulkon\u00e4\u00f6llisesti t\u00e4ydellisen mallikelpoista irlanninterrieri\u00e4 (sen korvat kun pysyiv\u00e4t lukuisista yrityksist\u00e4 ja hyv\u00e4st\u00e4 tahdosta huolimatta sinnikk\u00e4\u00e4sti pystyss\u00e4), mutta sainhan min\u00e4 maailman parhaan lemmikin ja yst\u00e4v\u00e4n. Eve ja Fanni osoittivat maailmalle, ett\u00e4 terrierit eiv\u00e4t yleisist\u00e4 ennakkoluuloista huolimatta olekaan \u00e4rripurreja, vaan ihania, lapsirakkaita ja huumorintajuisia perheenj\u00e4seni\u00e4, joiden kanssa voi puuhastella monenlaisia juttuja.<\/p>\n\n\n\n<figure class=\"wp-block-image size-full\"><img loading=\"lazy\" decoding=\"async\" width=\"1024\" height=\"682\" src=\"https:\/\/www.racyred.net\/wp-content\/uploads\/2024\/10\/Kaustinen-Lahojarvi.jpg\" alt=\"\" class=\"wp-image-64\" srcset=\"https:\/\/www.racyred.net\/wp-content\/uploads\/2024\/10\/Kaustinen-Lahojarvi.jpg 1024w, https:\/\/www.racyred.net\/wp-content\/uploads\/2024\/10\/Kaustinen-Lahojarvi-300x200.jpg 300w, https:\/\/www.racyred.net\/wp-content\/uploads\/2024\/10\/Kaustinen-Lahojarvi-768x512.jpg 768w\" sizes=\"auto, (max-width: 1024px) 100vw, 1024px\" \/><figcaption class=\"wp-element-caption\"><sup>Photo: Jukka Lehoj\u00e4rvi \/ Keskipohjanmaa<\/sup><\/figcaption><\/figure>\n\n\n\n<p>Muut luottamustoimet, j\u00e4senyydet ja kurssit:<br><br>&#8211; Suomen Irlanninterrierit ry:n j\u00e4sen; sihteeri 2010, puheenjohtaja 2011 ja 2018-2019, varapuheenjohtaja 2012, j\u00e4sensihteeri 2012 ja 2014, n\u00e4yttelytoimikunnan j\u00e4sen 2011-2014 ja 2016-2019, n\u00e4yttelytoimikunnan puheenjohtaja 2012-2014, lehtitoimikunnan j\u00e4sen 2011-2014<br>&#8211; Suomen Kennelliiton j\u00e4sen<br>&#8211; Suomen Kennelliiton p\u00e4tev\u00f6ity keh\u00e4toimitsija 2000 &#8211;<br>&#8211; Vaasan kv koiran\u00e4yttelyn j\u00e4rjestelytoimikunnan j\u00e4sen 2010 &#8211; 2017, tuomarisihteeri 2011 &#8211; 2017<br>&#8211; Kalajoen &#8221;KalaDOGi Show&#8221; n\u00e4yttelytoimikunnan pj 2019-2024<br>&#8211; Keski-Pohjanmaan kennelpiirin n\u00e4yttelyohjaaja 2013 &#8211; 2025<br>&#8211; Koetoimitsija I -kurssi 2013 ja 2020<br>&#8211; Keski-Pohjanmaan kennelpiirin hallituksen j\u00e4sen 2014 -, varapuheenjohtaja 2015 &#8211; 2019, puheenjohtaja 2020-2024<br>&#8211; Suomen Kennelliiton varavaltuutettu 2015 &#8211; 2023, valtuuston j\u00e4sen 2023 &#8211; 2025<br>&#8211; Suomen Kennelliiton tunnistusmerkitsij\u00e4 2016 &#8211;<br>&#8211; Koirahierontakoulutus 20 op Kauhajoen evankelinen opisto 2016 &#8211; 2017<br>&#8211; Suomen Kennelliiton hopeinen ansiomerkki 2022<br><br>Kennelnimi Racy Red vahvistettiin minulle vuonna 2011 ja toukokuussa 2013 syntyi ensimm\u00e4inen kasvattamani pentue.<\/p>\n<\/div><\/div>\n","protected":false},"excerpt":{"rendered":"<p>Racy Red -kennelin kasvattaja olen min\u00e4, Johanna Niemel\u00e4. Asun Lapualla yhdess\u00e4 mieheni, koiriemme ja kissamme kanssa. Ensimm\u00e4inen irlanninterrieri tuli kotiini puoliksi vahingossa kev\u00e4\u00e4ll\u00e4 1997. Juuri kotoa maailmalle l\u00e4hteneen\u00e4 kaipasin valtavasti koirakaverin seuraa ja kerroin silloin opiskelukaverilleni, ett\u00e4 olin katsellut vehn\u00e4terrieri\u00e4 v\u00e4h\u00e4n sill\u00e4 silm\u00e4ll\u00e4. H\u00e4n vastasi heti, ett\u00e4 irski kyll\u00e4 sopisi minulle vehn\u00e4terrieri\u00e4 paremmin. (Itse en ollut irskeist\u00e4 koskaan kuullutkaan siihen menness\u00e4.) Se keskustelu j\u00e4i sill\u00e4 kertaa siihen, mutta jatkui muutaman kuukauden p\u00e4\u00e4st\u00e4, kun Maija soitti ja kertoi, ett\u00e4 Turussa oli seitsem\u00e4n veljeksen ja kahden siskon pentue, joista kaikille ei ollut viel\u00e4 kotia. Siit\u00e4 alkoi valtava pohtiminen ja miettiminen, ett\u00e4 olisiko minulla mahdollisuus pit\u00e4\u00e4 koiraa. Vaaka kallisteli pitk\u00e4n aikaa juun ja ein v\u00e4lill\u00e4 ja vietin tuntikausia puhelimessa jutellen pentujen hoitot\u00e4din Nannan ja kasvattajan Tarjan kanssa sek\u00e4 koirakirjoja opiskellen. Jotenkin irskin maailmaa pelk\u00e4\u00e4m\u00e4t\u00f6n luonne kiehtoi jo silloin. Ja niin siin\u00e4 k\u00e4vi, ett\u00e4 19-vuotias, vain kotikoira-villakoiriin tottunut opiskelijatytt\u00f6 matkusti Turkuun ja ensimm\u00e4isen kerran el\u00e4m\u00e4ss\u00e4\u00e4n n\u00e4ki ilmiel\u00e4v\u00e4n irlanninterrierin, kun Nanna avasi oven ja antoi Eve-neidin syliini. Suuri rakkaus syttyi sen sili\u00e4n tien enk\u00e4 p\u00e4iv\u00e4\u00e4k\u00e4\u00e4n ole p\u00e4\u00e4t\u00f6st\u00e4ni katunut. Lupasin Even hakiessani k\u00e4yd\u00e4 sen kanssa n\u00e4yttelyiss\u00e4 ja sain jo ensimm\u00e4isell\u00e4 yritt\u00e4m\u00e4ll\u00e4 pahan n\u00e4yttelyk\u00e4rp\u00e4sen pureman. Opettelin kantap\u00e4\u00e4n kautta koiran trimmausta ja esitt\u00e4mist\u00e4 ja yrityksen ja erehdyksen kautta Evest\u00e4 tulikin Suomen muotovalio. T\u00e4m\u00e4n rodun trimmaajia en l\u00e4hialueilta l\u00f6yt\u00e4nyt ja koska itsell\u00e4ni ei ollut mahdollisuuksia reissata koiran kanssa trimmaukseen toiselle puolelle Suomea oli kaikki teht\u00e4v\u00e4 itse. Se muuten oli ennen internet-aikakautta melkoisen haastavaa hommaa, kun yritti kysell\u00e4 puhelimitse neuvoja nyppimiseen ja turkin viimeistelyyn n\u00e4yttely\u00e4 varten! Onneksi silloin en viel\u00e4 tiennyt asioista niin paljoa kuin nyt, en\u00e4\u00e4 en ehk\u00e4 samaan ryhtyisi. Toinen irlanninterrieri tuli samasta kennelist\u00e4 sijoituskoiraksi kahta vuotta my\u00f6hemmin. Fannista ei koskaan tullut ulkon\u00e4\u00f6llisesti t\u00e4ydellisen mallikelpoista irlanninterrieri\u00e4 (sen korvat kun pysyiv\u00e4t lukuisista yrityksist\u00e4 ja hyv\u00e4st\u00e4 tahdosta huolimatta sinnikk\u00e4\u00e4sti pystyss\u00e4), mutta sainhan min\u00e4 maailman parhaan lemmikin ja yst\u00e4v\u00e4n. Eve ja Fanni osoittivat maailmalle, ett\u00e4 terrierit eiv\u00e4t yleisist\u00e4 ennakkoluuloista huolimatta olekaan \u00e4rripurreja, vaan ihania, lapsirakkaita ja huumorintajuisia perheenj\u00e4seni\u00e4, joiden kanssa voi puuhastella monenlaisia juttuja. Muut luottamustoimet, j\u00e4senyydet ja kurssit: &#8211; Suomen Irlanninterrierit ry:n j\u00e4sen; sihteeri 2010, puheenjohtaja 2011 ja 2018-2019, varapuheenjohtaja 2012, j\u00e4sensihteeri 2012 ja 2014, n\u00e4yttelytoimikunnan j\u00e4sen 2011-2014 ja 2016-2019, n\u00e4yttelytoimikunnan puheenjohtaja 2012-2014, lehtitoimikunnan j\u00e4sen 2011-2014&#8211; Suomen Kennelliiton j\u00e4sen&#8211; Suomen Kennelliiton p\u00e4tev\u00f6ity keh\u00e4toimitsija 2000 &#8211;&#8211; Vaasan kv koiran\u00e4yttelyn j\u00e4rjestelytoimikunnan j\u00e4sen 2010 &#8211; 2017, tuomarisihteeri 2011 &#8211; 2017&#8211; Kalajoen &#8221;KalaDOGi Show&#8221; n\u00e4yttelytoimikunnan pj 2019-2024&#8211; Keski-Pohjanmaan kennelpiirin n\u00e4yttelyohjaaja 2013 &#8211; 2025&#8211; Koetoimitsija I -kurssi 2013 ja 2020&#8211; Keski-Pohjanmaan kennelpiirin hallituksen j\u00e4sen 2014 -, varapuheenjohtaja 2015 &#8211; 2019, puheenjohtaja 2020-2024&#8211; Suomen Kennelliiton varavaltuutettu 2015 &#8211; 2023, valtuuston j\u00e4sen 2023 &#8211; 2025&#8211; Suomen Kennelliiton tunnistusmerkitsij\u00e4 2016 &#8211;&#8211; Koirahierontakoulutus 20 op Kauhajoen evankelinen opisto 2016 &#8211; 2017&#8211; Suomen Kennelliiton hopeinen ansiomerkki 2022 Kennelnimi Racy Red vahvistettiin minulle vuonna 2011 ja toukokuussa 2013 syntyi ensimm\u00e4inen kasvattamani pentue.<\/p>\n","protected":false},"author":1,"featured_media":0,"parent":0,"menu_order":0,"comment_status":"closed","ping_status":"closed","template":"","meta":{"footnotes":""},"class_list":["post-15","page","type-page","status-publish","hentry"],"_links":{"self":[{"href":"https:\/\/www.racyred.net\/index.php\/wp-json\/wp\/v2\/pages\/15","targetHints":{"allow":["GET"]}}],"collection":[{"href":"https:\/\/www.racyred.net\/index.php\/wp-json\/wp\/v2\/pages"}],"about":[{"href":"https:\/\/www.racyred.net\/index.php\/wp-json\/wp\/v2\/types\/page"}],"author":[{"embeddable":true,"href":"https:\/\/www.racyred.net\/index.php\/wp-json\/wp\/v2\/users\/1"}],"replies":[{"embeddable":true,"href":"https:\/\/www.racyred.net\/index.php\/wp-json\/wp\/v2\/comments?post=15"}],"version-history":[{"count":8,"href":"https:\/\/www.racyred.net\/index.php\/wp-json\/wp\/v2\/pages\/15\/revisions"}],"predecessor-version":[{"id":187,"href":"https:\/\/www.racyred.net\/index.php\/wp-json\/wp\/v2\/pages\/15\/revisions\/187"}],"wp:attachment":[{"href":"https:\/\/www.racyred.net\/index.php\/wp-json\/wp\/v2\/media?parent=15"}],"curies":[{"name":"wp","href":"https:\/\/api.w.org\/{rel}","templated":true}]}}