{"id":155,"date":"2026-04-21T18:40:05","date_gmt":"2026-04-21T18:40:05","guid":{"rendered":"https:\/\/www.racyred.net\/?page_id=155"},"modified":"2026-04-22T14:24:03","modified_gmt":"2026-04-22T14:24:03","slug":"muistoissa-in-memoriam","status":"publish","type":"page","link":"https:\/\/www.racyred.net\/index.php\/muistoissa-in-memoriam\/","title":{"rendered":"Muistoissa &#8211; In memoriam"},"content":{"rendered":"\n<p>FI MVA<br><a href=\"https:\/\/jalostus.kennelliitto.fi\/frmKoira.aspx?RekNo=FIN44848%2F96&amp;R=139\">Banshee Deirfiur Evestar<\/a> &#8221;Eve&#8221;<br>29.11.1996 &#8211; 16.11.2008<\/p>\n\n\n\n<p>Eve, ensimm\u00e4inen ikin\u00e4 n\u00e4kem\u00e4ni irski. Vahvatahtoinen, herkk\u00e4 tytt\u00f6, jonka kanssa koimme monenlaisia seikkailuita ja jonka kanssa kasvoin aikuiseksi ja kantamaan vastuuta muistakin kuin itsest\u00e4ni. Eve vahvisti sen, ett\u00e4 irlanninterrieri on oma rotuni: kaikki ei aina ollut helppoa, mutta haasteet ja kaikki yhdess\u00e4 koettu vahvistivat v\u00e4lej\u00e4mme. Eve oli suunnann\u00e4ytt\u00e4j\u00e4, urhea pikku nainen. Ik\u00e4v\u00e4 on viel\u00e4kin, kaikkien hyv\u00e4stien j\u00e4lkeen kuluneiden vuosienkin j\u00e4lkeen. Terveisi\u00e4 sinne jonnekin, n\u00e4hd\u00e4\u00e4n sitten my\u00f6hemmin. \u2764\ufe0f<\/p>\n\n\n\n<figure class=\"wp-block-image size-full\"><img loading=\"lazy\" decoding=\"async\" width=\"669\" height=\"794\" src=\"https:\/\/www.racyred.net\/wp-content\/uploads\/2023\/11\/Eve.jpg\" alt=\"\" class=\"wp-image-19\" srcset=\"https:\/\/www.racyred.net\/wp-content\/uploads\/2023\/11\/Eve.jpg 669w, https:\/\/www.racyred.net\/wp-content\/uploads\/2023\/11\/Eve-253x300.jpg 253w\" sizes=\"auto, (max-width: 669px) 100vw, 669px\" \/><\/figure>\n\n\n\n<p><sup>Ensimm\u00e4inen yhteinen p\u00e4iv\u00e4<\/sup><\/p>\n\n\n\n<figure class=\"wp-block-image size-large\"><img loading=\"lazy\" decoding=\"async\" width=\"1024\" height=\"685\" src=\"https:\/\/www.racyred.net\/wp-content\/uploads\/2026\/04\/20260421212058_001-1024x685.jpg\" alt=\"\" class=\"wp-image-156\" srcset=\"https:\/\/www.racyred.net\/wp-content\/uploads\/2026\/04\/20260421212058_001-1024x685.jpg 1024w, https:\/\/www.racyred.net\/wp-content\/uploads\/2026\/04\/20260421212058_001-300x201.jpg 300w, https:\/\/www.racyred.net\/wp-content\/uploads\/2026\/04\/20260421212058_001-768x514.jpg 768w, https:\/\/www.racyred.net\/wp-content\/uploads\/2026\/04\/20260421212058_001-1140x763.jpg 1140w, https:\/\/www.racyred.net\/wp-content\/uploads\/2026\/04\/20260421212058_001.jpg 1160w\" sizes=\"auto, (max-width: 1024px) 100vw, 1024px\" \/><figcaption class=\"wp-element-caption\"><sup>Eve<\/sup><\/figcaption><\/figure>\n\n\n\n<figure class=\"wp-block-image size-large\"><img loading=\"lazy\" decoding=\"async\" width=\"696\" height=\"1024\" src=\"https:\/\/www.racyred.net\/wp-content\/uploads\/2026\/04\/20260421212058_003-696x1024.jpg\" alt=\"\" class=\"wp-image-157\" srcset=\"https:\/\/www.racyred.net\/wp-content\/uploads\/2026\/04\/20260421212058_003-696x1024.jpg 696w, https:\/\/www.racyred.net\/wp-content\/uploads\/2026\/04\/20260421212058_003-204x300.jpg 204w, https:\/\/www.racyred.net\/wp-content\/uploads\/2026\/04\/20260421212058_003-768x1130.jpg 768w, https:\/\/www.racyred.net\/wp-content\/uploads\/2026\/04\/20260421212058_003.jpg 789w\" sizes=\"auto, (max-width: 696px) 100vw, 696px\" \/><figcaption class=\"wp-element-caption\"><sup>Eve ja Fanni<\/sup><\/figcaption><\/figure>\n\n\n\n<p><\/p>\n\n\n\n<p><a href=\"https:\/\/jalostus.kennelliitto.fi\/frmKoira.aspx?RekNo=FIN17884%2F99&amp;R=139'\">Banshee Fun Fun Fun<\/a> &#8221;Fanni&#8221;<br>29.12.1998 &#8211; 7.6.2013<br><br>Rakkaista rakkain, kultaisista kultaisin, h\u00f6per\u00f6ist\u00e4 h\u00f6per\u00f6in. Iki-ihana pieni Fanni-muori. Kiitos jokaikisest\u00e4 p\u00e4iv\u00e4st\u00e4 yli 14 yhteisen vuoden aikana. Ikin\u00e4 en sinua unohda. Lep\u00e4\u00e4 rauhassa. \u2764\ufe0f<\/p>\n\n\n\n<figure class=\"wp-block-image size-large\"><img loading=\"lazy\" decoding=\"async\" width=\"1024\" height=\"768\" src=\"https:\/\/www.racyred.net\/wp-content\/uploads\/2026\/04\/Fanni-1024x768.jpg\" alt=\"\" class=\"wp-image-158\" srcset=\"https:\/\/www.racyred.net\/wp-content\/uploads\/2026\/04\/Fanni-1024x768.jpg 1024w, https:\/\/www.racyred.net\/wp-content\/uploads\/2026\/04\/Fanni-300x225.jpg 300w, https:\/\/www.racyred.net\/wp-content\/uploads\/2026\/04\/Fanni-768x576.jpg 768w, https:\/\/www.racyred.net\/wp-content\/uploads\/2026\/04\/Fanni-1536x1152.jpg 1536w, https:\/\/www.racyred.net\/wp-content\/uploads\/2026\/04\/Fanni-1140x855.jpg 1140w, https:\/\/www.racyred.net\/wp-content\/uploads\/2026\/04\/Fanni.jpg 2048w\" sizes=\"auto, (max-width: 1024px) 100vw, 1024px\" \/><figcaption class=\"wp-element-caption\"><sup>Fanni<\/sup><\/figcaption><\/figure>\n\n\n\n<hr class=\"wp-block-separator has-alpha-channel-opacity\"\/>\n\n\n\n<p>C.I.B. FI MVA FI JVA POHJ JVA EE MVA NO JVA SE JVA RU MVA GI MVA V-11 RKFV VV-17 PMVV-17<br><a href=\"https:\/\/jalostus.kennelliitto.fi\/frmKoira.aspx?RekNo=FI31309\/09&amp;R=139\">Karamell-IN T\u00e4tt\u00e4h\u00e4\u00e4r\u00e4<\/a> &#8221;Hyrr\u00e4&#8221;<br>9.5.2009 &#8211; 21.8.2023<br><br>Hyrr\u00e4 rakas. Hyv\u00e4ntuulinen h\u00e4rv\u00e4\u00e4j\u00e4, omanarvontuntoinen rouva. Lauman reilu johtaja, sieluni peili. Suunnaton ik\u00e4v\u00e4 sinua tytt\u00f6ni, vaikka siit\u00e4 on jo vuosia, kun sinut hyv\u00e4stelin. Me kohdataan viel\u00e4, tulethan sitten taas vaakavolttia heitt\u00e4en vastaan. \u2764\ufe0f<\/p>\n\n\n\n<figure class=\"wp-block-image size-full\"><img loading=\"lazy\" decoding=\"async\" width=\"261\" height=\"392\" src=\"https:\/\/www.racyred.net\/wp-content\/uploads\/2026\/04\/Hyrra-Sofia.jpg\" alt=\"\" class=\"wp-image-159\" srcset=\"https:\/\/www.racyred.net\/wp-content\/uploads\/2026\/04\/Hyrra-Sofia.jpg 261w, https:\/\/www.racyred.net\/wp-content\/uploads\/2026\/04\/Hyrra-Sofia-200x300.jpg 200w\" sizes=\"auto, (max-width: 261px) 100vw, 261px\" \/><figcaption class=\"wp-element-caption\"><sup>Photo: Sofia Solanakis<\/sup><\/figcaption><\/figure>\n\n\n\n<figure class=\"wp-block-image size-full\"><img loading=\"lazy\" decoding=\"async\" width=\"960\" height=\"620\" src=\"https:\/\/www.racyred.net\/wp-content\/uploads\/2026\/04\/Hyrra-SIT.jpg\" alt=\"\" class=\"wp-image-160\" srcset=\"https:\/\/www.racyred.net\/wp-content\/uploads\/2026\/04\/Hyrra-SIT.jpg 960w, https:\/\/www.racyred.net\/wp-content\/uploads\/2026\/04\/Hyrra-SIT-300x194.jpg 300w, https:\/\/www.racyred.net\/wp-content\/uploads\/2026\/04\/Hyrra-SIT-768x496.jpg 768w\" sizes=\"auto, (max-width: 960px) 100vw, 960px\" \/><\/figure>\n\n\n\n<figure class=\"wp-block-image size-large\"><img loading=\"lazy\" decoding=\"async\" width=\"1024\" height=\"683\" src=\"https:\/\/www.racyred.net\/wp-content\/uploads\/2026\/04\/Hyrra-Puuhuilu-1024x683.jpg\" alt=\"\" class=\"wp-image-161\" srcset=\"https:\/\/www.racyred.net\/wp-content\/uploads\/2026\/04\/Hyrra-Puuhuilu-1024x683.jpg 1024w, https:\/\/www.racyred.net\/wp-content\/uploads\/2026\/04\/Hyrra-Puuhuilu-300x200.jpg 300w, https:\/\/www.racyred.net\/wp-content\/uploads\/2026\/04\/Hyrra-Puuhuilu-768x512.jpg 768w, https:\/\/www.racyred.net\/wp-content\/uploads\/2026\/04\/Hyrra-Puuhuilu-1536x1024.jpg 1536w, https:\/\/www.racyred.net\/wp-content\/uploads\/2026\/04\/Hyrra-Puuhuilu-1140x760.jpg 1140w, https:\/\/www.racyred.net\/wp-content\/uploads\/2026\/04\/Hyrra-Puuhuilu.jpg 2048w\" sizes=\"auto, (max-width: 1024px) 100vw, 1024px\" \/><figcaption class=\"wp-element-caption\"><sup>Photo: Puuhuilu \/ Minnamaria J\u00e4ms\u00e4<\/sup><\/figcaption><\/figure>\n","protected":false},"excerpt":{"rendered":"<p>FI MVABanshee Deirfiur Evestar &#8221;Eve&#8221;29.11.1996 &#8211; 16.11.2008 Eve, ensimm\u00e4inen ikin\u00e4 n\u00e4kem\u00e4ni irski. Vahvatahtoinen, herkk\u00e4 tytt\u00f6, jonka kanssa koimme monenlaisia seikkailuita ja jonka kanssa kasvoin aikuiseksi ja kantamaan vastuuta muistakin kuin itsest\u00e4ni. Eve vahvisti sen, ett\u00e4 irlanninterrieri on oma rotuni: kaikki ei aina ollut helppoa, mutta haasteet ja kaikki yhdess\u00e4 koettu vahvistivat v\u00e4lej\u00e4mme. Eve oli suunnann\u00e4ytt\u00e4j\u00e4, urhea pikku nainen. Ik\u00e4v\u00e4 on viel\u00e4kin, kaikkien hyv\u00e4stien j\u00e4lkeen kuluneiden vuosienkin j\u00e4lkeen. Terveisi\u00e4 sinne jonnekin, n\u00e4hd\u00e4\u00e4n sitten my\u00f6hemmin. \u2764\ufe0f Ensimm\u00e4inen yhteinen p\u00e4iv\u00e4 Banshee Fun Fun Fun &#8221;Fanni&#8221;29.12.1998 &#8211; 7.6.2013 Rakkaista rakkain, kultaisista kultaisin, h\u00f6per\u00f6ist\u00e4 h\u00f6per\u00f6in. Iki-ihana pieni Fanni-muori. Kiitos jokaikisest\u00e4 p\u00e4iv\u00e4st\u00e4 yli 14 yhteisen vuoden aikana. Ikin\u00e4 en sinua unohda. Lep\u00e4\u00e4 rauhassa. \u2764\ufe0f C.I.B. FI MVA FI JVA POHJ JVA EE MVA NO JVA SE JVA RU MVA GI MVA V-11 RKFV VV-17 PMVV-17Karamell-IN T\u00e4tt\u00e4h\u00e4\u00e4r\u00e4 &#8221;Hyrr\u00e4&#8221;9.5.2009 &#8211; 21.8.2023 Hyrr\u00e4 rakas. Hyv\u00e4ntuulinen h\u00e4rv\u00e4\u00e4j\u00e4, omanarvontuntoinen rouva. Lauman reilu johtaja, sieluni peili. Suunnaton ik\u00e4v\u00e4 sinua tytt\u00f6ni, vaikka siit\u00e4 on jo vuosia, kun sinut hyv\u00e4stelin. Me kohdataan viel\u00e4, tulethan sitten taas vaakavolttia heitt\u00e4en vastaan. \u2764\ufe0f<\/p>\n","protected":false},"author":1,"featured_media":0,"parent":0,"menu_order":0,"comment_status":"closed","ping_status":"closed","template":"","meta":{"footnotes":""},"class_list":["post-155","page","type-page","status-publish","hentry"],"_links":{"self":[{"href":"https:\/\/www.racyred.net\/index.php\/wp-json\/wp\/v2\/pages\/155","targetHints":{"allow":["GET"]}}],"collection":[{"href":"https:\/\/www.racyred.net\/index.php\/wp-json\/wp\/v2\/pages"}],"about":[{"href":"https:\/\/www.racyred.net\/index.php\/wp-json\/wp\/v2\/types\/page"}],"author":[{"embeddable":true,"href":"https:\/\/www.racyred.net\/index.php\/wp-json\/wp\/v2\/users\/1"}],"replies":[{"embeddable":true,"href":"https:\/\/www.racyred.net\/index.php\/wp-json\/wp\/v2\/comments?post=155"}],"version-history":[{"count":6,"href":"https:\/\/www.racyred.net\/index.php\/wp-json\/wp\/v2\/pages\/155\/revisions"}],"predecessor-version":[{"id":223,"href":"https:\/\/www.racyred.net\/index.php\/wp-json\/wp\/v2\/pages\/155\/revisions\/223"}],"wp:attachment":[{"href":"https:\/\/www.racyred.net\/index.php\/wp-json\/wp\/v2\/media?parent=155"}],"curies":[{"name":"wp","href":"https:\/\/api.w.org\/{rel}","templated":true}]}}