{"id":51,"date":"2024-01-29T13:25:02","date_gmt":"2024-01-29T13:25:02","guid":{"rendered":"https:\/\/www.racyred.net\/?page_id=51"},"modified":"2026-04-21T13:55:26","modified_gmt":"2026-04-21T13:55:26","slug":"pentulaatikko-puppies","status":"publish","type":"page","link":"https:\/\/www.racyred.net\/index.php\/pentulaatikko-puppies\/","title":{"rendered":"Pentulaatikko ~ Puppies"},"content":{"rendered":"\n<blockquote class=\"wp-block-quote is-layout-flow wp-block-quote-is-layout-flow\">\n<p>Seuraavat pentusuunnitelmat aikaisintaan vuonna 2028<br>Next puppy plans for 2028 at the earliest<\/p>\n\n\n\n<p><\/p>\n\n\n\n<p class=\"has-vivid-red-color has-text-color has-link-color wp-elements-c9365267f914bd71ea50e5e539e3962b\"><\/p>\n<\/blockquote>\n\n\n\n<figure class=\"wp-block-image size-full\"><img loading=\"lazy\" decoding=\"async\" width=\"1610\" height=\"2048\" src=\"https:\/\/www.racyred.net\/wp-content\/uploads\/2024\/12\/Kennel1.jpg\" alt=\"\" class=\"wp-image-70\" srcset=\"https:\/\/www.racyred.net\/wp-content\/uploads\/2024\/12\/Kennel1.jpg 1610w, https:\/\/www.racyred.net\/wp-content\/uploads\/2024\/12\/Kennel1-236x300.jpg 236w, https:\/\/www.racyred.net\/wp-content\/uploads\/2024\/12\/Kennel1-805x1024.jpg 805w, https:\/\/www.racyred.net\/wp-content\/uploads\/2024\/12\/Kennel1-768x977.jpg 768w, https:\/\/www.racyred.net\/wp-content\/uploads\/2024\/12\/Kennel1-1208x1536.jpg 1208w\" sizes=\"auto, (max-width: 1610px) 100vw, 1610px\" \/><\/figure>\n\n\n\n<p>Pennut luovutetaan uusiin koteihinsa noin kahdeksan viikon ik\u00e4isin\u00e4, rekister\u00f6ityin\u00e4 Suomen Kennelliiton ja Ruokaviraston rekistereihin, el\u00e4inl\u00e4\u00e4k\u00e4rin tarkastamina, mikrosirutettuina ja useampaan kertaan madotettuina. Pentu saa mukaansa laajan pentupaketin, kirjalliset ruokinta- ja hoito-ohjeet, pennulle tuttua ruokaa sek\u00e4 makuualustan tai peitteen pentukodista. Tietopaketti annetaan tarvittaessa pennun varaajille jo etuk\u00e4teen tutustumista varten.<\/p>\n\n\n\n<p>Meill\u00e4 ei ole erillisi\u00e4 kenneltiloja, vaan kaikki koiramme el\u00e4v\u00e4t samoissa tiloissa kuin me ihmisetkin. Pennut ja em\u00e4 viett\u00e4v\u00e4t omassa huoneessaan ensimm\u00e4iset 3-4 viikkoa, sen j\u00e4lkeen ne muuttavat isompiin tiloihin totuttelemaan tavallisiin el\u00e4misen \u00e4\u00e4niin.<\/p>\n\n\n\n<p>Koiran kaupassa ja sijoituksessa noudatetaan Suomen Kennelliiton ohjeita ja k\u00e4ytet\u00e4\u00e4n Suomen Kennelliiton kauppasopimusta sek\u00e4 sopimusta narttu- ja uroskoiran sijoituksesta. Liit\u00e4n pennun uuden omistajan Suomen Irlanninterrierit ry:n j\u00e4seneksi mik\u00e4li niin halutaan.<\/p>\n\n\n\n<p>Haluan jatkossakin kuulla uutisia kasvateista ja heid\u00e4n el\u00e4m\u00e4st\u00e4\u00e4n, olivat ne sitten iloisia tai surullisia, mukavia tai ik\u00e4vi\u00e4. Autan ja neuvon mielell\u00e4ni mahdollisuuksien mukaan erilaisissa koiran hoitoon, trimmaukseen, harrastuksiin ja koetoimintaan liittyviss\u00e4 asioissa. Pennut ovat my\u00f6s aina tervetulleita kyl\u00e4ilem\u00e4\u00e4n pentukotiinsa ja vierailen ilomielin kasvattien kotona my\u00f6s pentuajan j\u00e4lkeen. Jos jostain syyst\u00e4 et voi en\u00e4\u00e4 pit\u00e4\u00e4 koiraa itsell\u00e4si, ilmoitathan siit\u00e4 heti minulle, jotta voimme etsi\u00e4 koiralle yhdess\u00e4 uuden ja sopivan kodin.<\/p>\n\n\n\n<p>Jos ongelmia tai mit\u00e4 tahansa kysytt\u00e4v\u00e4\u00e4 tulee,&nbsp;<strong>voit ottaa yhteytt\u00e4 24\/7<\/strong>. Autan aina mielell\u00e4ni!<\/p>\n\n\n\n<p>Toiveiden ja mahdollisuuksien mukaan tulemme j\u00e4rjest\u00e4m\u00e4\u00e4n kasvateille yhteisi\u00e4 tapaamisia. Voimme vaikkapa harjoitella n\u00e4yttelyesiintymist\u00e4, trimmaamista tai vaikka tutustua isommalla tai pienemm\u00e4ll\u00e4 porukalla esimerkiksi j\u00e4ljestyksen alkeisiin.<\/p>\n\n\n\n<p>Pennut myyd\u00e4\u00e4n sitoutuneisiin ja aktiivisiin koteihin ensisijaisesti perheenj\u00e4seniksi, lemmikeiksi ja harrastuskavereiksi. Jos kasvatteja on aikomus k\u00e4ytt\u00e4\u00e4 jalostukseen, tulee jalostusasioissa ottaa aina ensin yhteytt\u00e4 kasvattajaan.<\/p>\n\n\n\n<p><\/p>\n\n\n\n<p><\/p>\n","protected":false},"excerpt":{"rendered":"<p>Seuraavat pentusuunnitelmat aikaisintaan vuonna 2028Next puppy plans for 2028 at the earliest Pennut luovutetaan uusiin koteihinsa noin kahdeksan viikon ik\u00e4isin\u00e4, rekister\u00f6ityin\u00e4 Suomen Kennelliiton ja Ruokaviraston rekistereihin, el\u00e4inl\u00e4\u00e4k\u00e4rin tarkastamina, mikrosirutettuina ja useampaan kertaan madotettuina. Pentu saa mukaansa laajan pentupaketin, kirjalliset ruokinta- ja hoito-ohjeet, pennulle tuttua ruokaa sek\u00e4 makuualustan tai peitteen pentukodista. Tietopaketti annetaan tarvittaessa pennun varaajille jo etuk\u00e4teen tutustumista varten. Meill\u00e4 ei ole erillisi\u00e4 kenneltiloja, vaan kaikki koiramme el\u00e4v\u00e4t samoissa tiloissa kuin me ihmisetkin. Pennut ja em\u00e4 viett\u00e4v\u00e4t omassa huoneessaan ensimm\u00e4iset 3-4 viikkoa, sen j\u00e4lkeen ne muuttavat isompiin tiloihin totuttelemaan tavallisiin el\u00e4misen \u00e4\u00e4niin. Koiran kaupassa ja sijoituksessa noudatetaan Suomen Kennelliiton ohjeita ja k\u00e4ytet\u00e4\u00e4n Suomen Kennelliiton kauppasopimusta sek\u00e4 sopimusta narttu- ja uroskoiran sijoituksesta. Liit\u00e4n pennun uuden omistajan Suomen Irlanninterrierit ry:n j\u00e4seneksi mik\u00e4li niin halutaan. Haluan jatkossakin kuulla uutisia kasvateista ja heid\u00e4n el\u00e4m\u00e4st\u00e4\u00e4n, olivat ne sitten iloisia tai surullisia, mukavia tai ik\u00e4vi\u00e4. Autan ja neuvon mielell\u00e4ni mahdollisuuksien mukaan erilaisissa koiran hoitoon, trimmaukseen, harrastuksiin ja koetoimintaan liittyviss\u00e4 asioissa. Pennut ovat my\u00f6s aina tervetulleita kyl\u00e4ilem\u00e4\u00e4n pentukotiinsa ja vierailen ilomielin kasvattien kotona my\u00f6s pentuajan j\u00e4lkeen. Jos jostain syyst\u00e4 et voi en\u00e4\u00e4 pit\u00e4\u00e4 koiraa itsell\u00e4si, ilmoitathan siit\u00e4 heti minulle, jotta voimme etsi\u00e4 koiralle yhdess\u00e4 uuden ja sopivan kodin. Jos ongelmia tai mit\u00e4 tahansa kysytt\u00e4v\u00e4\u00e4 tulee,&nbsp;voit ottaa yhteytt\u00e4 24\/7. Autan aina mielell\u00e4ni! Toiveiden ja mahdollisuuksien mukaan tulemme j\u00e4rjest\u00e4m\u00e4\u00e4n kasvateille yhteisi\u00e4 tapaamisia. Voimme vaikkapa harjoitella n\u00e4yttelyesiintymist\u00e4, trimmaamista tai vaikka tutustua isommalla tai pienemm\u00e4ll\u00e4 porukalla esimerkiksi j\u00e4ljestyksen alkeisiin. Pennut myyd\u00e4\u00e4n sitoutuneisiin ja aktiivisiin koteihin ensisijaisesti perheenj\u00e4seniksi, lemmikeiksi ja harrastuskavereiksi. Jos kasvatteja on aikomus k\u00e4ytt\u00e4\u00e4 jalostukseen, tulee jalostusasioissa ottaa aina ensin yhteytt\u00e4 kasvattajaan.<\/p>\n","protected":false},"author":1,"featured_media":0,"parent":0,"menu_order":0,"comment_status":"closed","ping_status":"closed","template":"","meta":{"footnotes":""},"class_list":["post-51","page","type-page","status-publish","hentry"],"_links":{"self":[{"href":"https:\/\/www.racyred.net\/index.php\/wp-json\/wp\/v2\/pages\/51","targetHints":{"allow":["GET"]}}],"collection":[{"href":"https:\/\/www.racyred.net\/index.php\/wp-json\/wp\/v2\/pages"}],"about":[{"href":"https:\/\/www.racyred.net\/index.php\/wp-json\/wp\/v2\/types\/page"}],"author":[{"embeddable":true,"href":"https:\/\/www.racyred.net\/index.php\/wp-json\/wp\/v2\/users\/1"}],"replies":[{"embeddable":true,"href":"https:\/\/www.racyred.net\/index.php\/wp-json\/wp\/v2\/comments?post=51"}],"version-history":[{"count":11,"href":"https:\/\/www.racyred.net\/index.php\/wp-json\/wp\/v2\/pages\/51\/revisions"}],"predecessor-version":[{"id":96,"href":"https:\/\/www.racyred.net\/index.php\/wp-json\/wp\/v2\/pages\/51\/revisions\/96"}],"wp:attachment":[{"href":"https:\/\/www.racyred.net\/index.php\/wp-json\/wp\/v2\/media?parent=51"}],"curies":[{"name":"wp","href":"https:\/\/api.w.org\/{rel}","templated":true}]}}