{"id":9,"date":"2023-11-23T11:52:55","date_gmt":"2023-11-23T11:52:55","guid":{"rendered":"https:\/\/www.racyred.net\/?page_id=9"},"modified":"2026-04-21T19:58:30","modified_gmt":"2026-04-21T19:58:30","slug":"tervetuloa-welcome","status":"publish","type":"page","link":"https:\/\/www.racyred.net\/","title":{"rendered":"Tervetuloa! ~ Welcome!"},"content":{"rendered":"\n<div class=\"wp-block-group alignfull has-accent-2-background-color has-background\" style=\"margin-top:0;margin-bottom:0;padding-top:var(--wp--preset--spacing--50);padding-right:var(--wp--preset--spacing--50);padding-bottom:var(--wp--preset--spacing--50);padding-left:var(--wp--preset--spacing--50)\"><div class=\"wp-block-group__inner-container is-layout-constrained wp-container-core-group-is-layout-669513ed wp-block-group-is-layout-constrained\">\n<figure class=\"wp-block-image size-large\"><img loading=\"lazy\" decoding=\"async\" width=\"699\" height=\"1024\" src=\"https:\/\/www.racyred.net\/wp-content\/uploads\/2026\/04\/Verka-Janne-Paavola-699x1024.jpg\" alt=\"\" class=\"wp-image-183\" srcset=\"https:\/\/www.racyred.net\/wp-content\/uploads\/2026\/04\/Verka-Janne-Paavola-699x1024.jpg 699w, https:\/\/www.racyred.net\/wp-content\/uploads\/2026\/04\/Verka-Janne-Paavola-205x300.jpg 205w, https:\/\/www.racyred.net\/wp-content\/uploads\/2026\/04\/Verka-Janne-Paavola-768x1126.jpg 768w, https:\/\/www.racyred.net\/wp-content\/uploads\/2026\/04\/Verka-Janne-Paavola-1048x1536.jpg 1048w, https:\/\/www.racyred.net\/wp-content\/uploads\/2026\/04\/Verka-Janne-Paavola-1140x1671.jpg 1140w, https:\/\/www.racyred.net\/wp-content\/uploads\/2026\/04\/Verka-Janne-Paavola.jpg 1397w\" sizes=\"auto, (max-width: 699px) 100vw, 699px\" \/><figcaption class=\"wp-element-caption\"><sup>Photo: Janne Paavola<\/sup><\/figcaption><\/figure>\n\n\n\n<p class=\"has-text-align-left\">T\u00e4lt\u00e4 sivustolta l\u00f6yd\u00e4t tietoa koiristamme, niiden omistajasta, pentueistamme ja irlanninterrierist\u00e4 rotuna. Toivottavasti viihdyt!<\/p>\n\n\n\n<p class=\"has-text-align-left\">Here you can find info about our dogs and the breeder, our litters and about Irish Terrier in general. I hope you enjoy your visit!<\/p>\n\n\n\n<figure class=\"wp-block-image size-large\"><img loading=\"lazy\" decoding=\"async\" width=\"1024\" height=\"768\" src=\"https:\/\/www.racyred.net\/wp-content\/uploads\/2026\/04\/Verka-Hanna-Kankaanpaa-1024x768.jpg\" alt=\"\" class=\"wp-image-179\" srcset=\"https:\/\/www.racyred.net\/wp-content\/uploads\/2026\/04\/Verka-Hanna-Kankaanpaa-1024x768.jpg 1024w, https:\/\/www.racyred.net\/wp-content\/uploads\/2026\/04\/Verka-Hanna-Kankaanpaa-300x225.jpg 300w, https:\/\/www.racyred.net\/wp-content\/uploads\/2026\/04\/Verka-Hanna-Kankaanpaa-768x576.jpg 768w, https:\/\/www.racyred.net\/wp-content\/uploads\/2026\/04\/Verka-Hanna-Kankaanpaa-1536x1152.jpg 1536w, https:\/\/www.racyred.net\/wp-content\/uploads\/2026\/04\/Verka-Hanna-Kankaanpaa-1140x855.jpg 1140w, https:\/\/www.racyred.net\/wp-content\/uploads\/2026\/04\/Verka-Hanna-Kankaanpaa.jpg 2048w\" sizes=\"auto, (max-width: 1024px) 100vw, 1024px\" \/><figcaption class=\"wp-element-caption\"><sup>Photo: Hanna Kankaanp\u00e4\u00e4<\/sup><\/figcaption><\/figure>\n\n\n\n<p>Kuvien k\u00e4ytt\u00f6 ilman lupaani on kielletty<br>None of the photos may be used without my permission<\/p>\n\n\n\n<p>Copyright kennel Racy Red<\/p>\n<\/div><\/div>\n","protected":false},"excerpt":{"rendered":"<p>T\u00e4lt\u00e4 sivustolta l\u00f6yd\u00e4t tietoa koiristamme, niiden omistajasta, pentueistamme ja irlanninterrierist\u00e4 rotuna. Toivottavasti viihdyt! Here you can find info about our dogs and the breeder, our litters and about Irish Terrier in general. I hope you enjoy your visit! Kuvien k\u00e4ytt\u00f6 ilman lupaani on kiellettyNone of the photos may be used without my permission Copyright kennel Racy Red<\/p>\n","protected":false},"author":1,"featured_media":0,"parent":0,"menu_order":0,"comment_status":"closed","ping_status":"closed","template":"","meta":{"footnotes":""},"class_list":["post-9","page","type-page","status-publish","hentry"],"_links":{"self":[{"href":"https:\/\/www.racyred.net\/index.php\/wp-json\/wp\/v2\/pages\/9","targetHints":{"allow":["GET"]}}],"collection":[{"href":"https:\/\/www.racyred.net\/index.php\/wp-json\/wp\/v2\/pages"}],"about":[{"href":"https:\/\/www.racyred.net\/index.php\/wp-json\/wp\/v2\/types\/page"}],"author":[{"embeddable":true,"href":"https:\/\/www.racyred.net\/index.php\/wp-json\/wp\/v2\/users\/1"}],"replies":[{"embeddable":true,"href":"https:\/\/www.racyred.net\/index.php\/wp-json\/wp\/v2\/comments?post=9"}],"version-history":[{"count":9,"href":"https:\/\/www.racyred.net\/index.php\/wp-json\/wp\/v2\/pages\/9\/revisions"}],"predecessor-version":[{"id":186,"href":"https:\/\/www.racyred.net\/index.php\/wp-json\/wp\/v2\/pages\/9\/revisions\/186"}],"wp:attachment":[{"href":"https:\/\/www.racyred.net\/index.php\/wp-json\/wp\/v2\/media?parent=9"}],"curies":[{"name":"wp","href":"https:\/\/api.w.org\/{rel}","templated":true}]}}